{"id":148,"date":"2017-04-11T11:59:14","date_gmt":"2017-04-11T11:59:14","guid":{"rendered":"http:\/\/diktasyon.com\/wordpress\/?page_id=148"},"modified":"2025-11-12T14:32:57","modified_gmt":"2025-11-12T14:32:57","slug":"teknik-destek","status":"publish","type":"page","link":"https:\/\/diktasyon.com\/?page_id=148","title":{"rendered":"KILAVUZLAR"},"content":{"rendered":"<p><strong>Teknik Servis:<\/strong><br \/>Olympus Dikte Cihazlar\u0131 ve Aksesuarlar\u0131n\u0131n Teknik Deste\u011fi ve Servis Talebi i\u00e7in:<br \/>L\u00fctfen Firmam\u0131z ile irtibata ge\u00e7iniz<br \/>e-posta: <a href=\"mailto:info@erdemelektronik.com\">info@erdemelektronik.com<\/a><br \/>Whatsapp : 532 482 73 51<\/p>\n<p><strong>Olympus Dikte Cihazlar\u0131 Kullanma K\u0131lavuzlar\u0131:<\/strong><\/p>\n<ul>\n<li><a href=\"https:\/\/diktasyon.com\/wp-content\/uploads\/2021\/12\/DS-2600_MANUAL_TR.pdf\">YEN\u0130! DS-2600<\/a><\/li>\n<li><a href=\"https:\/\/diktasyon.com\/wp-content\/uploads\/2021\/12\/DS-9500_DS-9000_MANUAL_TR.pdf\">YEN\u0130! DS-9000<\/a><\/li>\n<li><a href=\"https:\/\/diktasyon.com\/wp-content\/uploads\/2021\/12\/RecMic_II_GuideTR.pdf\">YEN\u0130! RecMic II Serisi (4010P, 4015P, 4100S, 4110S<\/a><\/li>\n<li><a href=\"https:\/\/diktasyon.com\/wp-content\/uploads\/2021\/12\/DR-1200_2100_2200_2300_TR_GUIDE.pdf\">DR-2200 ve DR-2300<\/a><\/li>\n<li><a href=\"https:\/\/diktasyon.com\/wp-content\/uploads\/2021\/12\/olympuspatoloji.pdf\">Olympus Patoloji Kiti (DS-3500 + RS-31H + CR-15)<\/a><\/li>\n<li><a href=\"https:\/\/diktasyon.com\/wp-content\/uploads\/2022\/01\/SilverPro-Kit-D-T-Kit_SDS_Flyer_TR.pdf\">Silver Pro Kit<\/a><\/li>\n<li><a href=\"https:\/\/diktasyon.com\/wp-content\/uploads\/2022\/01\/SilverPro-Kit-D-T-Kit_SDS_Flyer_TR.pdf\">DS-2500<\/a><\/li>\n<li><a href=\"https:\/\/diktasyon.com\/wp-content\/uploads\/2021\/12\/DS-3500_MANUAL_TR.pdf\">DS-3500<\/a><\/li>\n<li><a href=\"https:\/\/diktasyon.com\/wp-content\/uploads\/2021\/12\/DS-3500_MANUAL_TR.pdf\">DS-7000<\/a><\/li>\n<li><a href=\"https:\/\/diktasyon.com\/wp-content\/uploads\/2021\/12\/DM-720_TR.pdf\">DM-720<\/a><\/li>\n<li><a href=\"https:\/\/diktasyon.com\/?attachment_id=576\">RS-28H\/31H<\/a><\/li>\n<li><a href=\"https:\/\/diktasyon.com\/dikte_dosyalari\/RCT_InstallationGuide_EN.pdf\">Olympus DR Serisi Dikte Mikrofonu Cihaz Yap\u0131land\u0131rma Yaz\u0131l\u0131m\u0131 Kullanma Klavuzu\u00a0<\/a><\/li>\n<\/ul>\n<p><strong>Olympus Dikte Yaz\u0131l\u0131mlar\u0131<\/strong><\/p>\n<ul>\n<li><a href=\"https:\/\/diktasyon.com\/dikte_dosyalari\/RecMic_Configuration_Tool_V103.zip\">Olympus DR Serisi Dikte Mikrofonu Cihaz Yap\u0131land\u0131rma Yaz\u0131l\u0131m\u0131<\/a><\/li>\n<li><a href=\"https:\/\/diktasyon.com\/dikte_dosyalari\/DSSPlayer_Standard_R211.zip\">DSS Player Standard Release 2.1.1 (Lisans Gerektirir)<\/a><\/li>\n<li><a href=\"https:\/\/diktasyon.com\/dikte_dosyalari\/support-files_DSSPlayer_Mac_V778.dmg\">DSS Player for Mac 7.7.5 Full (Lisans Gerektirir).<\/a><\/li>\n<li><a href=\"https:\/\/diktasyon.com\/dikte_dosyalari\/support-files_ODMS_6.4.0_Client.zip\">Olympus ODMS Client Version (Lisans Gerektirir) -ODMS R6<\/a><\/li>\n<li><a href=\"https:\/\/diktasyon.com\/dikte_dosyalari\/support-files_ODMSR7StandaloneLauncher_V144.zip\">Olympus ODMS Client Version (Lisans Gerektirir) -ODMS R7<\/a><\/li>\n<li><a href=\"https:\/\/diktasyon.com\/dikte_dosyalari\/support-files_Footswitch_Configuration_Tool-v1.0.1-Win+.zip\">Olympus Ayak Pedal\u0131 Ayar Yaz\u0131l\u0131m\u0131 S\u00fcr\u00fcm V1.0.1 (Win)<\/a><\/li>\n<li><a href=\"https:\/\/diktasyon.com\/dikte_dosyalari\/support-files_Footswitch_Configuration_Tool-v1.0.3-Mac+.zip\">Olympus Ayak Pedal\u0131 Ayar Yaz\u0131l\u0131m\u0131 S\u00fcr\u00fcm V1.0.3 (Mac)<\/a><\/li>\n<li><a href=\"https:\/\/diktasyon.com\/dikte_dosyalari\/Standard_Release_1.0.3.zip\">DSS Player Standard Release <\/a>\u00a01<\/li>\n<\/ul>\n\n\n<p><\/p>\n\n\n\n<p><\/p>\n","protected":false},"excerpt":{"rendered":"<p>Teknik Servis:Olympus Dikte Cihazlar\u0131 ve Aksesuarlar\u0131n\u0131n Teknik Deste\u011fi ve Servis Talebi i\u00e7in:L\u00fctfen Firmam\u0131z ile irtibata&#8230;<\/p>\n<div class=\"more-link-wrapper\"><a class=\"more-link\" href=\"https:\/\/diktasyon.com\/?page_id=148\">DETAYLAR<span class=\"screen-reader-text\">KILAVUZLAR<\/span><\/a><\/div>\n","protected":false},"author":2,"featured_media":0,"parent":0,"menu_order":0,"comment_status":"closed","ping_status":"closed","template":"","meta":{"_monsterinsights_skip_tracking":false,"_monsterinsights_sitenote_active":false,"_monsterinsights_sitenote_note":"","_monsterinsights_sitenote_category":0,"footnotes":""},"class_list":["post-148","page","type-page","status-publish","hentry","excerpt","zoom","full-without-featured","even","excerpt-0"],"aioseo_notices":[],"_links":{"self":[{"href":"https:\/\/diktasyon.com\/index.php?rest_route=\/wp\/v2\/pages\/148","targetHints":{"allow":["GET"]}}],"collection":[{"href":"https:\/\/diktasyon.com\/index.php?rest_route=\/wp\/v2\/pages"}],"about":[{"href":"https:\/\/diktasyon.com\/index.php?rest_route=\/wp\/v2\/types\/page"}],"author":[{"embeddable":true,"href":"https:\/\/diktasyon.com\/index.php?rest_route=\/wp\/v2\/users\/2"}],"replies":[{"embeddable":true,"href":"https:\/\/diktasyon.com\/index.php?rest_route=%2Fwp%2Fv2%2Fcomments&post=148"}],"version-history":[{"count":47,"href":"https:\/\/diktasyon.com\/index.php?rest_route=\/wp\/v2\/pages\/148\/revisions"}],"predecessor-version":[{"id":661,"href":"https:\/\/diktasyon.com\/index.php?rest_route=\/wp\/v2\/pages\/148\/revisions\/661"}],"wp:attachment":[{"href":"https:\/\/diktasyon.com\/index.php?rest_route=%2Fwp%2Fv2%2Fmedia&parent=148"}],"curies":[{"name":"wp","href":"https:\/\/api.w.org\/{rel}","templated":true}]}}